
{"id":183,"date":"2022-05-11T18:54:47","date_gmt":"2022-05-11T09:54:47","guid":{"rendered":"https:\/\/www.kolmarvietnam.com.vn\/?page_id=183"},"modified":"2024-11-27T12:32:36","modified_gmt":"2024-11-27T03:32:36","slug":"privacypolicy","status":"publish","type":"page","link":"https:\/\/www.kolmarvietnam.com.vn\/vi\/privacypolicy\/","title":{"rendered":"Privacy Policy"},"content":{"rendered":"<ol class=\"privacypolicy_list\">\n<li class=\"\">Ch\u00fang t\u00f4i lu\u00f4n tu\u00e2n th\u1ee7 lu\u1eadt ph\u00e1p, quy \u0111\u1ecbnh c\u1ee7a ch\u00ednh ph\u1ee7, v\u00e0 c\u00e1c quy \u0111\u1ecbnh li\u00ean quan v\u1ec1 vi\u1ec7c s\u1eed d\u1ee5ng th\u00f4ng tin c\u00e1 nh\u00e2n c\u1ee7a c\u00e1c nh\u00e2n vi\u00ean c\u00f4ng ty trong m\u1ecdi ho\u1ea1t \u0111\u1ed9ng kinh doanh c\u1ee7a c\u00f4ng ty.<\/li>\n<li class=\"\">Ch\u00fang t\u00f4i kh\u00f4ng thu th\u1eadp ho\u1eb7c s\u1eed d\u1ee5ng th\u00f4ng tin c\u00e1 nh\u00e2n v\u01b0\u1ee3t qu\u00e1 ph\u1ea1m vi \u0111\u01b0\u1ee3c cho ph\u00e9p (ho\u1eb7c s\u1eed d\u1ee5ng cho m\u1ee5c \u0111\u00edch kh\u00e1c).<\/li>\n<li class=\"\">Ch\u00fang t\u00f4i kh\u00f4ng cung c\u1ea5p th\u00f4ng tin c\u00e1 nh\u00e2n cho b\u00ean th\u1ee9 ba, tr\u1eeb c\u00e1c tr\u01b0\u1eddng h\u1ee3p sau:\n<ul class=\"\">\n<li class=\"\">\u0110\u00e3 \u0111\u01b0\u1ee3c s\u1ef1 \u0111\u1ed3ng \u00fd c\u1ee7a ch\u1ee7 th\u00f4ng tin<\/li>\n<li class=\"\">C\u00f4ng ty s\u1ebd \u1ee7y th\u00e1c nghi\u1ec7p v\u1ee5 \u0111\u1ec3 ph\u1ee5c v\u1ee5 v\u00e0 \u0111\u00e1p \u1ee9ng c\u00e1c y\u00eau c\u1ea7u c\u1ee7a kh\u00e1ch h\u00e0ng<\/li>\n<li class=\"\">C\u00e1c tr\u01b0\u1eddng h\u1ee3p kh\u00e1c m\u00e0 ph\u00e1p lu\u1eadt quy \u0111\u1ecbnh<\/li>\n<\/ul>\n<\/li>\n<li class=\"\">Ch\u00fang t\u00f4i s\u1ebd \u0111\u1ed1i \u1ee9ng k\u1ecbp th\u1eddi n\u1ebfu nh\u1eadn \u0111\u01b0\u1ee3c khi\u1ebfu n\u1ea1i ho\u1eb7c th\u1eafc m\u1eafc li\u00ean quan \u0111\u1ebfn vi\u1ec7c s\u1eed d\u1ee5ng th\u00f4ng tin c\u00e1 nh\u00e2n.<\/li>\n<li class=\"\">N\u1ebfu c\u00f3 \u0111\u1ec1 ngh\u1ecb c\u1ee7a kh\u00e1ch h\u00e0ng v\u1ec1 vi\u1ec7c t\u1ea1m ng\u1eebng s\u1eed d\u1ee5ng, ch\u1ec9nh s\u1eeda, ho\u1eb7c c\u00f4ng b\u1ed1 th\u00f4ng tin c\u00e1 nh\u00e2n b\u1eb1ng v\u0103n b\u1ea3n theo m\u1eabu quy \u0111\u1ecbnh, v\u00e0 \u0111\u1ec1 ngh\u1ecb n\u00e0y \u0111\u01b0\u1ee3c x\u00e1c th\u1ef1c l\u00e0 t\u1eeb ch\u1ee7 s\u1edf h\u1eefu c\u1ee7a th\u00f4ng tin c\u00e1 nh\u00e2n \u0111\u00f3, ch\u00fang t\u00f4i s\u1ebd ngay l\u1eadp t\u1ee9c \u0111\u00e1p \u1ee9ng trong th\u1eddi gian h\u1ee3p l\u00fd b\u1eb1ng th\u00e1i \u0111\u1ed9 trung th\u1ef1c.<\/li>\n<li class=\"\">\u0110\u1ec3 qu\u1ea3n l\u00fd th\u00f4ng tin c\u00e1 nh\u00e2n ph\u00f9 h\u1ee3p, ch\u00fang t\u00f4i s\u1ebd th\u1ef1c hi\u1ec7n c\u00e1c bi\u1ec7n ph\u00e1p b\u1ea3o v\u1ec7 v\u1ec1 t\u1ed5 ch\u1ee9c, con ng\u01b0\u1eddi, v\u1eadt ch\u1ea5t v\u00e0 k\u1ef9 thu\u1eadt, nh\u1eb1m ng\u0103n ch\u1eb7n v\u00e0 kh\u1eafc ph\u1ee5c vi\u1ec7c r\u00f2 r\u1ec9, m\u1ea5t m\u00e1t ho\u1eb7c c\u00e1c thi\u1ec7t h\u1ea1i v\u1ec1 th\u00f4ng tin c\u00e1 nh\u00e2n c\u1ee7a kh\u00e1ch h\u00e0ng.<\/li>\n<li class=\"\">Ch\u00fang t\u00f4i s\u1ebd \u0111i\u1ec1u ch\u1ec9nh v\u00e0 c\u1ea3i thi\u1ec7n ch\u00ednh s\u00e1ch s\u1eed d\u1ee5ng th\u00f4ng tin c\u00e1 nh\u00e2n n\u00e0y t\u00f9y t\u1eebng th\u1eddi \u0111i\u1ec3m khi c\u1ea7n thi\u1ebft.<\/li>\n<\/ol>\n","protected":false},"excerpt":{"rendered":"<p>Ch\u00fang t\u00f4i lu\u00f4n tu\u00e2n th\u1ee7 lu\u1eadt ph\u00e1p, quy \u0111\u1ecbnh c\u1ee7a ch\u00ednh ph\u1ee7, v\u00e0 c\u00e1c quy \u0111\u1ecbnh li\u00ean quan v\u1ec1 vi\u1ec7c s\u1eed d\u1ee5ng th\u00f4ng tin c\u00e1 nh\u00e2n c\u1ee7a c\u00e1c nh\u00e2n vi\u00ean c\u00f4ng ty trong m\u1ecdi ho\u1ea1t \u0111\u1ed9ng kinh doanh c\u1ee7a c\u00f4ng ty. Ch\u00fang t\u00f4i kh\u00f4ng thu th\u1eadp ho\u1eb7c s\u1eed d\u1ee5ng th\u00f4ng tin c\u00e1 nh\u00e2n v\u01b0\u1ee3t qu\u00e1 [&hellip;]<\/p>\n","protected":false},"author":1,"featured_media":0,"parent":0,"menu_order":0,"comment_status":"closed","ping_status":"closed","template":"","meta":{"_acf_changed":false,"_locale":"vi","_original_post":"https:\/\/www.kolmarvietnam.com.vn\/?page_id=26","footnotes":""},"class_list":["post-183","page","type-page","status-publish","hentry","vi"],"acf":[],"_links":{"self":[{"href":"https:\/\/www.kolmarvietnam.com.vn\/wp-json\/wp\/v2\/pages\/183","targetHints":{"allow":["GET"]}}],"collection":[{"href":"https:\/\/www.kolmarvietnam.com.vn\/wp-json\/wp\/v2\/pages"}],"about":[{"href":"https:\/\/www.kolmarvietnam.com.vn\/wp-json\/wp\/v2\/types\/page"}],"author":[{"embeddable":true,"href":"https:\/\/www.kolmarvietnam.com.vn\/wp-json\/wp\/v2\/users\/1"}],"replies":[{"embeddable":true,"href":"https:\/\/www.kolmarvietnam.com.vn\/wp-json\/wp\/v2\/comments?post=183"}],"version-history":[{"count":1,"href":"https:\/\/www.kolmarvietnam.com.vn\/wp-json\/wp\/v2\/pages\/183\/revisions"}],"predecessor-version":[{"id":186,"href":"https:\/\/www.kolmarvietnam.com.vn\/wp-json\/wp\/v2\/pages\/183\/revisions\/186"}],"wp:attachment":[{"href":"https:\/\/www.kolmarvietnam.com.vn\/wp-json\/wp\/v2\/media?parent=183"}],"curies":[{"name":"wp","href":"https:\/\/api.w.org\/{rel}","templated":true}]}}