
{"id":167,"date":"2022-05-11T18:56:45","date_gmt":"2022-05-11T09:56:45","guid":{"rendered":"https:\/\/www.kolmarvietnam.com.vn\/?page_id=167"},"modified":"2024-11-27T12:30:28","modified_gmt":"2024-11-27T03:30:28","slug":"contact","status":"publish","type":"page","link":"https:\/\/www.kolmarvietnam.com.vn\/vi\/contact\/","title":{"rendered":"Li\u00ean h\u1ec7"},"content":{"rendered":"<div class=\"contacttop\">\n<p class=\"\">N\u1ebfu b\u1ea1n c\u00f3 b\u1ea5t k\u1ef3 c\u00e2u h\u1ecfi ho\u1eb7c th\u1eafc m\u1eafc n\u00e0o, xin vui l\u00f2ng \u0111i\u1ec1n v\u00e0o bi\u1ec3u m\u1eabu b\u00ean d\u01b0\u1edbi.<\/p>\n<\/p><\/div>\n<div class=\"contact_form\">\n                \n<div class=\"wpcf7 no-js\" id=\"wpcf7-f53-o1\" lang=\"en-US\" dir=\"ltr\" data-wpcf7-id=\"53\">\n<div class=\"screen-reader-response\"><p role=\"status\" aria-live=\"polite\" aria-atomic=\"true\"><\/p> <ul><\/ul><\/div>\n<form action=\"\/vi\/wp-json\/wp\/v2\/pages\/167#wpcf7-f53-o1\" method=\"post\" class=\"wpcf7-form init\" aria-label=\"Contact form\" novalidate=\"novalidate\" data-status=\"init\">\n<div style=\"display: none;\">\n<input type=\"hidden\" name=\"_wpcf7\" value=\"53\" \/>\n<input type=\"hidden\" name=\"_wpcf7_version\" value=\"6.0.1\" \/>\n<input type=\"hidden\" name=\"_wpcf7_locale\" value=\"en_US\" \/>\n<input type=\"hidden\" name=\"_wpcf7_unit_tag\" value=\"wpcf7-f53-o1\" \/>\n<input type=\"hidden\" name=\"_wpcf7_container_post\" value=\"0\" \/>\n<input type=\"hidden\" name=\"_wpcf7_posted_data_hash\" value=\"\" \/>\n<input type=\"hidden\" name=\"_wpcf7_recaptcha_response\" value=\"\" \/>\n<\/div>\n<dl>\n\t<dt>\n\t\t<p><span class=\"icon_must\">*<\/span>H\u1ecd t\u00ean\n\t\t<\/p>\n\t<\/dt>\n\t<dd>\n\t\t<p><span class=\"wpcf7-form-control-wrap\" data-name=\"your_name\"><input size=\"40\" maxlength=\"400\" class=\"wpcf7-form-control wpcf7-text wpcf7-validates-as-required contact_txt01\" aria-required=\"true\" aria-invalid=\"false\" value=\"\" type=\"text\" name=\"your_name\" \/><\/span>\n\t\t<\/p>\n\t<\/dd>\n<\/dl>\n<dl>\n\t<dt>\n\t\t<p><span class=\"icon_must\">*<\/span>Ch\u1ee9c v\u1ee5\n\t\t<\/p>\n\t<\/dt>\n\t<dd>\n\t\t<p><span class=\"wpcf7-form-control-wrap\" data-name=\"position\"><input size=\"40\" maxlength=\"400\" class=\"wpcf7-form-control wpcf7-text wpcf7-validates-as-required contact_txt01\" aria-required=\"true\" aria-invalid=\"false\" value=\"\" type=\"text\" name=\"position\" \/><\/span>\n\t\t<\/p>\n\t<\/dd>\n<\/dl>\n<dl>\n\t<dt>\n\t\t<p><span class=\"icon_must\">*<\/span>T\u00ean c\u00f4ng ty\n\t\t<\/p>\n\t<\/dt>\n\t<dd>\n\t\t<p><span class=\"wpcf7-form-control-wrap\" data-name=\"job\"><input size=\"40\" maxlength=\"400\" class=\"wpcf7-form-control wpcf7-text wpcf7-validates-as-required contact_txt01\" aria-required=\"true\" aria-invalid=\"false\" value=\"\" type=\"text\" name=\"job\" \/><\/span>\n\t\t<\/p>\n\t<\/dd>\n<\/dl>\n<dl>\n\t<dt>\n\t\t<p><span class=\"icon_must\">*<\/span>E-mail\n\t\t<\/p>\n\t<\/dt>\n\t<dd>\n\t\t<p><span class=\"wpcf7-form-control-wrap\" data-name=\"your_mail\"><input size=\"40\" maxlength=\"400\" class=\"wpcf7-form-control wpcf7-email wpcf7-validates-as-required wpcf7-text wpcf7-validates-as-email contact_txt01\" aria-required=\"true\" aria-invalid=\"false\" value=\"\" type=\"email\" name=\"your_mail\" \/><\/span>\n\t\t<\/p>\n\t<\/dd>\n<\/dl>\n<dl>\n\t<dt>\n\t\t<p>\u0110i\u1ec7n tho\u1ea1i\n\t\t<\/p>\n\t<\/dt>\n\t<dd>\n\t\t<p><span class=\"wpcf7-form-control-wrap\" data-name=\"phone\"><input size=\"40\" maxlength=\"400\" class=\"wpcf7-form-control wpcf7-tel wpcf7-text wpcf7-validates-as-tel contact_txt01\" aria-invalid=\"false\" value=\"\" type=\"tel\" name=\"phone\" \/><\/span>\n\t\t<\/p>\n\t<\/dd>\n<\/dl>\n<dl>\n\t<dt>\n\t\t<p><span class=\"icon_must\">*<\/span>N\u1ed9i dung li\u00ean l\u1ea1c\n\t\t<\/p>\n\t<\/dt>\n\t<dd>\n\t\t<p><span class=\"wpcf7-form-control-wrap\" data-name=\"inquiry\"><textarea cols=\"40\" rows=\"10\" maxlength=\"2000\" class=\"wpcf7-form-control wpcf7-textarea wpcf7-validates-as-required contact_txt02\" aria-required=\"true\" aria-invalid=\"false\" name=\"inquiry\"><\/textarea><\/span>\n\t\t<\/p>\n\t<\/dd>\n<\/dl>\n<dl>\n\t<dt>\n\t<\/dt>\n\t<dd>\n\t\t<p class=\"privacy_txt\"><span class=\"wpcf7-form-control-wrap\" data-name=\"checkbox-278\"><span class=\"wpcf7-form-control wpcf7-checkbox wpcf7-validates-as-required\"><span class=\"wpcf7-list-item first last\"><label><input type=\"checkbox\" name=\"checkbox-278[]\" value=\"T\u00f4i \u0111\u00e3 \u0111\u1ecdc v\u00e0 ch\u1eadp nh\u1eadn\" \/><span class=\"wpcf7-list-item-label\">T\u00f4i \u0111\u00e3 \u0111\u1ecdc v\u00e0 ch\u1eadp nh\u1eadn<\/span><\/label><\/span><\/span><\/span><span> <a href=\"..\/privacypolicy\/\" target=\"_blank\"> ch\u00ednh s\u00e1ch b\u1ea3o m\u1eadt<\/a><\/span>\n\t\t<\/p>\n\t\t<p class=\"privacy_txt\"><span class=\"wpcf7-form-control-wrap\" data-name=\"checkbox-279\"><span class=\"wpcf7-form-control wpcf7-checkbox wpcf7-validates-as-required\"><span class=\"wpcf7-list-item first last\"><label><input type=\"checkbox\" name=\"checkbox-279[]\" value=\"Khi b\u1ea1n nh\u1ea5n n\u00fat g\u1eedi, th\u00f4ng tin s\u1ebd \u0111\u01b0\u1ee3c g\u1eedi \u0111i m\u00e0 kh\u00f4ng chuy\u1ec3n \u0111\u1ebfn m\u00e0n h\u00ecnh x\u00e1c nh\u1eadn.Vui l\u00f2ng ki\u1ec3m tra l\u1ea1i th\u00f4ng tin b\u1ea1n \u0111\u00e3 nh\u1eadp.\" \/><span class=\"wpcf7-list-item-label\">Khi b\u1ea1n nh\u1ea5n n\u00fat g\u1eedi, th\u00f4ng tin s\u1ebd \u0111\u01b0\u1ee3c g\u1eedi \u0111i m\u00e0 kh\u00f4ng chuy\u1ec3n \u0111\u1ebfn m\u00e0n h\u00ecnh x\u00e1c nh\u1eadn.Vui l\u00f2ng ki\u1ec3m tra l\u1ea1i th\u00f4ng tin b\u1ea1n \u0111\u00e3 nh\u1eadp.<\/span><\/label><\/span><\/span><\/span><span><\/span>\n\t\t<\/p>\n\t<\/dd>\n<\/dl>\n<div class=\"contact_listbtn\">\n\t<p class=\"contact_btn\"><input class=\"wpcf7-form-control wpcf7-submit has-spinner\" type=\"submit\" value=\"G\u1eedi\" \/>\n\t<\/p>\n<\/div><div class=\"wpcf7-response-output\" aria-hidden=\"true\"><\/div>\n<\/form>\n<\/div>\n\n                <\/div>\n","protected":false},"excerpt":{"rendered":"<p>N\u1ebfu b\u1ea1n c\u00f3 b\u1ea5t k\u1ef3 c\u00e2u h\u1ecfi ho\u1eb7c th\u1eafc m\u1eafc n\u00e0o, xin vui l\u00f2ng \u0111i\u1ec1n v\u00e0o bi\u1ec3u m\u1eabu b\u00ean d\u01b0\u1edbi.<\/p>\n","protected":false},"author":1,"featured_media":0,"parent":0,"menu_order":0,"comment_status":"closed","ping_status":"closed","template":"","meta":{"_acf_changed":false,"_locale":"vi","_original_post":"https:\/\/www.kolmarvietnam.com.vn\/?page_id=28","footnotes":""},"class_list":["post-167","page","type-page","status-publish","hentry","vi"],"acf":[],"_links":{"self":[{"href":"https:\/\/www.kolmarvietnam.com.vn\/wp-json\/wp\/v2\/pages\/167","targetHints":{"allow":["GET"]}}],"collection":[{"href":"https:\/\/www.kolmarvietnam.com.vn\/wp-json\/wp\/v2\/pages"}],"about":[{"href":"https:\/\/www.kolmarvietnam.com.vn\/wp-json\/wp\/v2\/types\/page"}],"author":[{"embeddable":true,"href":"https:\/\/www.kolmarvietnam.com.vn\/wp-json\/wp\/v2\/users\/1"}],"replies":[{"embeddable":true,"href":"https:\/\/www.kolmarvietnam.com.vn\/wp-json\/wp\/v2\/comments?post=167"}],"version-history":[{"count":1,"href":"https:\/\/www.kolmarvietnam.com.vn\/wp-json\/wp\/v2\/pages\/167\/revisions"}],"predecessor-version":[{"id":170,"href":"https:\/\/www.kolmarvietnam.com.vn\/wp-json\/wp\/v2\/pages\/167\/revisions\/170"}],"wp:attachment":[{"href":"https:\/\/www.kolmarvietnam.com.vn\/wp-json\/wp\/v2\/media?parent=167"}],"curies":[{"name":"wp","href":"https:\/\/api.w.org\/{rel}","templated":true}]}}